{"id":2818,"date":"2024-08-24T21:51:35","date_gmt":"2024-08-24T21:51:35","guid":{"rendered":"https:\/\/cimatravellers.com\/?page_id=2818"},"modified":"2024-09-13T15:24:53","modified_gmt":"2024-09-13T15:24:53","slug":"singapur","status":"publish","type":"page","link":"https:\/\/cimatravellers.com\/en\/singapur\/","title":{"rendered":"Singapore"},"content":{"rendered":"<div class=\"wp-block-uagb-container uagb-block-3cccbad4 alignfull uagb-is-root-container\"><div class=\"uagb-container-inner-blocks-wrap\">\n<div data-aos= \"fade-up\" data-aos-duration=\"400\" data-aos-delay=\"0\" data-aos-easing=\"ease\" data-aos-once=\"true\" class=\"wp-block-uagb-advanced-heading uagb-block-b2acb170\" id=\"Tanzania\"><h1 class=\"uagb-heading-text\">Singapore<\/h1><\/div>\n<\/div><\/div>\n\n\n\n<div class=\"wp-block-uagb-container uagb-layout-grid uagb-block-8fd792d8 alignfull uagb-is-root-container\">\n<div class=\"wp-block-uagb-container uagb-block-3cc4a0cb\">\n<div data-aos= \"fade-right\" data-aos-duration=\"400\" data-aos-delay=\"0\" data-aos-easing=\"ease\" data-aos-once=\"true\" class=\"wp-block-uagb-info-box uagb-block-03af5882 uagb-infobox__content-wrap  uagb-infobox-icon-above-title uagb-infobox-image-valign-top wp-block-uagb-info-box--has-margin\"><div class=\"uagb-infobox-margin-wrapper\"><div class=\"uagb-ifb-content\"><div class=\"uagb-ifb-title-wrap\"><h2 class=\"uagb-ifb-title\"><strong>Discover the Luxury and Culture Hidden from Singapore<\/strong><\/h2><\/div><p class=\"uagb-ifb-desc\">Singapore is a city-state vibrant and futuristic that stands out in southeast asia for its mix of cultures, modernity and traditions. What really makes Singapore special are the original experiences and off-the-beaten-path.<\/p><\/div><\/div><\/div>\n<\/div>\n\n\n\n<div data-aos= \"fade-left\" data-aos-duration=\"400\" data-aos-delay=\"0\" data-aos-easing=\"ease\" data-aos-once=\"true\" class=\"wp-block-uagb-image uagb-block-03cdb504 wp-block-uagb-image--layout-default wp-block-uagb-image--effect-static wp-block-uagb-image--align-none\"><figure class=\"wp-block-uagb-image__figure\"><img decoding=\"async\" srcset=\"https:\/\/cimatravellers.com\/wp-content\/uploads\/2024\/08\/Singapur-05-1024x767.jpg ,https:\/\/cimatravellers.com\/wp-content\/uploads\/2024\/08\/Singapur-05.jpg 780w, https:\/\/cimatravellers.com\/wp-content\/uploads\/2024\/08\/Singapur-05.jpg 360w\" sizes=\"auto, (max-width: 480px) 150px\" src=\"https:\/\/cimatravellers.com\/wp-content\/uploads\/2024\/08\/Singapur-05-1024x767.jpg\" alt=\"\" class=\"uag-image-2819\" width=\"1024\" height=\"767\" title=\"Singapore-05\" loading=\"lazy\" role=\"img\"\/><\/figure><\/div>\n<\/div>\n\n\n\n<div class=\"wp-block-uagb-container uag-hide-desktop uag-hide-tab uagb-layout-grid uagb-block-97494ac4 alignfull uagb-is-root-container\">\n<div class=\"wp-block-uagb-container uagb-block-71fb3820\">\n<div data-aos= \"fade-right\" data-aos-duration=\"400\" data-aos-delay=\"0\" data-aos-easing=\"ease\" data-aos-once=\"true\" class=\"wp-block-uagb-info-box uagb-block-fe24febc uagb-infobox__content-wrap  uagb-infobox-icon-above-title uagb-infobox-image-valign-top wp-block-uagb-info-box--has-margin\"><div class=\"uagb-infobox-margin-wrapper\"><div class=\"uagb-ifb-content\"><div class=\"uagb-ifb-title-wrap\"><\/div><p class=\"uagb-ifb-desc\">You can discover the technology and sustainability through tours, innovative, participate in cooking classes and workshops of chinese art, and to attend festivals that celebrate their ethnic diversity. Nature also plays a central role, with night walks by lit paths, bird-watching in urban parks, and kayaking in the rivers and channels.<\/p><\/div><\/div><\/div>\n<\/div>\n\n\n\n<div data-aos= \"fade-left\" data-aos-duration=\"400\" data-aos-delay=\"0\" data-aos-easing=\"ease\" data-aos-once=\"true\" class=\"wp-block-uagb-image alignleft uagb-block-f977c127 wp-block-uagb-image--layout-default wp-block-uagb-image--effect-static wp-block-uagb-image--align-left\"><figure class=\"wp-block-uagb-image__figure\"><img decoding=\"async\" srcset=\"https:\/\/cimatravellers.com\/wp-content\/uploads\/2024\/08\/Singapur-02.jpg ,https:\/\/cimatravellers.com\/wp-content\/uploads\/2024\/08\/Singapur-02.jpg 780w, https:\/\/cimatravellers.com\/wp-content\/uploads\/2024\/08\/Singapur-02.jpg 360w\" sizes=\"auto, (max-width: 480px) 150px\" src=\"https:\/\/cimatravellers.com\/wp-content\/uploads\/2024\/08\/Singapur-02.jpg\" alt=\"\" class=\"uag-image-2822\" width=\"1200\" height=\"899\" title=\"Singapore-02\" loading=\"lazy\" role=\"img\"\/><\/figure><\/div>\n<\/div>\n\n\n\n<div class=\"wp-block-uagb-container uag-hide-mob uagb-layout-grid uagb-block-77c7d74a alignfull uagb-is-root-container\">\n<div data-aos= \"fade-left\" data-aos-duration=\"400\" data-aos-delay=\"0\" data-aos-easing=\"ease\" data-aos-once=\"true\" class=\"wp-block-uagb-image alignleft uagb-block-b98a672e wp-block-uagb-image--layout-default wp-block-uagb-image--effect-static wp-block-uagb-image--align-left\"><figure class=\"wp-block-uagb-image__figure\"><img decoding=\"async\" srcset=\"https:\/\/cimatravellers.com\/wp-content\/uploads\/2024\/08\/Singapur-02.jpg ,https:\/\/cimatravellers.com\/wp-content\/uploads\/2024\/08\/Singapur-02.jpg 780w, https:\/\/cimatravellers.com\/wp-content\/uploads\/2024\/08\/Singapur-02.jpg 360w\" sizes=\"auto, (max-width: 480px) 150px\" src=\"https:\/\/cimatravellers.com\/wp-content\/uploads\/2024\/08\/Singapur-02.jpg\" alt=\"\" class=\"uag-image-2822\" width=\"1200\" height=\"899\" title=\"Singapore-02\" loading=\"lazy\" role=\"img\"\/><\/figure><\/div>\n\n\n\n<div class=\"wp-block-uagb-container uagb-block-c3c9bf71\">\n<div data-aos= \"fade-right\" data-aos-duration=\"400\" data-aos-delay=\"0\" data-aos-easing=\"ease\" data-aos-once=\"true\" class=\"wp-block-uagb-info-box uagb-block-99e0f7be uagb-infobox__content-wrap  uagb-infobox-icon-above-title uagb-infobox-image-valign-top wp-block-uagb-info-box--has-margin\"><div class=\"uagb-infobox-margin-wrapper\"><div class=\"uagb-ifb-content\"><div class=\"uagb-ifb-title-wrap\"><\/div><p class=\"uagb-ifb-desc\">You can discover the technology and sustainability through tours, innovative, participate in cooking classes and workshops of chinese art, and to attend festivals that celebrate their ethnic diversity. Nature also plays a central role, with night walks by lit paths, bird-watching in urban parks, and kayaking in the rivers and channels.<\/p><\/div><\/div><\/div>\n<\/div>\n<\/div>\n\n\n\n<div class=\"wp-block-uagb-container uagb-layout-grid uagb-block-60810f87 alignfull uagb-is-root-container\">\n<div class=\"wp-block-uagb-container uagb-block-ea94a266\">\n<div data-aos= \"fade-right\" data-aos-duration=\"400\" data-aos-delay=\"0\" data-aos-easing=\"ease\" data-aos-once=\"true\" class=\"wp-block-uagb-info-box uagb-block-7f97dc3e uagb-infobox__content-wrap  uagb-infobox-icon-above-title uagb-infobox-image-valign-top wp-block-uagb-info-box--has-margin\"><div class=\"uagb-infobox-margin-wrapper\"><div class=\"uagb-ifb-content\"><div class=\"uagb-ifb-title-wrap\"><\/div><p class=\"uagb-ifb-desc\">The cuisine is a unique fusion of flavors, malays, chinese, indians and westerners, from hawker centers to restaurants Michelin. Purchases become a unique experience and you can choose personalized tours, and visits to studies of local designers. For lovers of adrenaline, there are flight simulators, racing karts, electric and adventures in theme parks innovators.&nbsp;<\/p><\/div><\/div><\/div>\n<\/div>\n\n\n\n<div data-aos= \"fade-left\" data-aos-duration=\"400\" data-aos-delay=\"0\" data-aos-easing=\"ease\" data-aos-once=\"true\" class=\"wp-block-uagb-image uagb-block-e418cd94 wp-block-uagb-image--layout-default wp-block-uagb-image--effect-static wp-block-uagb-image--align-none\"><figure class=\"wp-block-uagb-image__figure\"><img decoding=\"async\" srcset=\"https:\/\/cimatravellers.com\/wp-content\/uploads\/2024\/08\/Singapur-03-1024x767.jpg ,https:\/\/cimatravellers.com\/wp-content\/uploads\/2024\/08\/Singapur-03.jpg 780w, https:\/\/cimatravellers.com\/wp-content\/uploads\/2024\/08\/Singapur-03.jpg 360w\" sizes=\"auto, (max-width: 480px) 150px\" src=\"https:\/\/cimatravellers.com\/wp-content\/uploads\/2024\/08\/Singapur-03-1024x767.jpg\" alt=\"\" class=\"uag-image-2821\" width=\"1024\" height=\"767\" title=\"Singapore-03\" loading=\"lazy\" role=\"img\"\/><\/figure><\/div>\n<\/div>\n\n\n\n<div class=\"wp-block-uagb-advanced-heading uagb-block-044df43f\"><p class=\"uagb-desc-text\"><strong>Singapore not only offers you a journey, but a transformative experience that combines tradition, modernity, sustainability and cultural diversity in a unique way in southeast asia<\/strong><\/p><\/div>\n\n\n<div\r\n\t\tclass=\"alignfull wp-block-psb-parallax\"\tid='psbParallaxSection-1'\r\n\tdata-attributes='{&quot;cId&quot;:&quot;41cbb33f-c&quot;,&quot;background&quot;:{&quot;type&quot;:&quot;image&quot;,&quot;image&quot;:{&quot;id&quot;:null,&quot;url&quot;:&quot;https:\\\/\\\/cimatravellers.com\\\/wp-content\\\/uploads\\\/2024\\\/08\\\/IMG_8668--scaled.jpg&quot;,&quot;alt&quot;:&quot;&quot;,&quot;title&quot;:&quot;&quot;},&quot;overlayColor&quot;:&quot;rgba(0, 0, 0, 0.3)&quot;,&quot;position&quot;:&quot;bottom center&quot;,&quot;attachment&quot;:&quot;initial&quot;,&quot;size&quot;:&quot;cover&quot;},&quot;minHeight&quot;:&quot;400px&quot;,&quot;align&quot;:&quot;full&quot;,&quot;speed&quot;:-1,&quot;verticalAlign&quot;:&quot;center&quot;,&quot;textAlign&quot;:&quot;center&quot;,&quot;padding&quot;:{&quot;vertical&quot;:&quot;20px&quot;,&quot;horizontal&quot;:&quot;30px&quot;},&quot;styles&quot;:{&quot;particles&quot;:{&quot;color&quot;:{&quot;r&quot;:255,&quot;g&quot;:255,&quot;b&quot;:255},&quot;movingSpeed&quot;:0.8,&quot;density&quot;:10},&quot;leaf&quot;:{&quot;status&quot;:true,&quot;color&quot;:&quot;#16a34a&quot;,&quot;count&quot;:20},&quot;cube&quot;:{&quot;position&quot;:{&quot;x&quot;:{&quot;desktop&quot;:&quot;47%&quot;,&quot;tablet&quot;:&quot;40%&quot;,&quot;mobile&quot;:&quot;42%&quot;},&quot;y&quot;:{&quot;desktop&quot;:&quot;45%&quot;,&quot;tablet&quot;:&quot;45%&quot;,&quot;mobile&quot;:&quot;28%&quot;}},&quot;front&quot;:&quot;#60caf81a&quot;,&quot;back&quot;:&quot;rgba(0, 136, 91, 0.1)&quot;,&quot;top&quot;:&quot;rgba(7, 181, 255, 0.1)&quot;,&quot;bottom&quot;:&quot;rgba(0, 241, 161, 0.1)&quot;,&quot;left&quot;:&quot;rgba(56, 189, 248, 0.1)&quot;,&quot;right&quot;:&quot;rgba(47, 255, 186, 0.1)&quot;,&quot;border&quot;:{&quot;width&quot;:&quot;1px&quot;,&quot;type&quot;:&quot;solid&quot;,&quot;color&quot;:&quot;&quot;}},&quot;t4Styles&quot;:{&quot;backgroundColors&quot;:{&quot;upper&quot;:&quot;#f0fdf4&quot;,&quot;lower&quot;:&quot;#dcfce7&quot;}}},&quot;options&quot;:{&quot;isCube&quot;:true},&quot;selectedTheme&quot;:&quot;default&quot;,&quot;TrpContentRestriction&quot;:{&quot;restriction_type&quot;:&quot;exclude&quot;,&quot;selected_languages&quot;:[],&quot;panel_open&quot;:true}}'\r\n  data-pipecheck='false'\r\n>\r\n  <style>\r\n    \r\n  #psbParallaxSection-1{\r\n    min-height: 400px;\r\n  }\r\n  #psbParallaxSection-1 .psbParallaxSection{\r\n    justify-content: center;\r\n    text-align: center;\r\n    min-height: 400px;\r\n    padding: 20px 30px;\r\n  }\r\n  #psbParallaxSection-1 .psbParallaxImg{\r\n    background: url(https:\/\/cimatravellers.com\/wp-content\/uploads\/2024\/08\/IMG_8668--scaled.jpg);background-color: rgba(0, 0, 0, 0.3);background-position: bottom center;background-size: cover;background-attachment: initial;background-blend-mode: overlay;\r\n  }\r\n  <\/style>\r\n\r\n  <div class='psbParallaxImg' data-speed='-1'><\/div>\r\n\r\n  <div class='psbParallaxSection'>\r\n    \n\n<h2 class=\"wp-block-heading has-text-color\" style=\"color:#fff;font-size:60px\">Start your journey<\/h2>\n\n\n\n<div class=\"wp-block-buttons is-content-justification-center is-layout-flow wp-block-buttons-is-layout-flow\">\n<div class=\"wp-block-button has-custom-font-size\" style=\"font-size:19px\"><a class=\"wp-block-button__link has-text-color has-background wp-element-button\" href=\"https:\/\/cimatravellers.com\/en\/contactanos\/\" style=\"border-radius:46px;color:#fff;background-color:#386d63\">Contact us<\/a><\/div>\n<\/div>\n\n  <\/div>\r\n<\/div>","protected":false},"excerpt":{"rendered":"<p>Singapur Singapur no solo te ofrece un viaje, sino una experiencia transformadora que combina tradici\u00f3n, modernidad, sostenibilidad y diversidad cultural de una manera \u00fanica en el sudeste asi\u00e1tico<\/p>","protected":false},"author":1,"featured_media":0,"parent":0,"menu_order":0,"comment_status":"closed","ping_status":"closed","template":"","meta":{"_uag_custom_page_level_css":"","site-sidebar-layout":"no-sidebar","site-content-layout":"plain-container","ast-site-content-layout":"normal-width-container","site-content-style":"unboxed","site-sidebar-style":"unboxed","ast-global-header-display":"","ast-banner-title-visibility":"","ast-main-header-display":"","ast-hfb-above-header-display":"","ast-hfb-below-header-display":"","ast-hfb-mobile-header-display":"","site-post-title":"disabled","ast-breadcrumbs-content":"","ast-featured-img":"disabled","footer-sml-layout":"","theme-transparent-header-meta":"default","adv-header-id-meta":"","stick-header-meta":"","header-above-stick-meta":"","header-main-stick-meta":"","header-below-stick-meta":"","astra-migrate-meta-layouts":"set","ast-page-background-enabled":"default","ast-page-background-meta":{"desktop":{"background-color":"","background-image":"","background-repeat":"repeat","background-position":"center center","background-size":"auto","background-attachment":"scroll","background-type":"","background-media":"","overlay-type":"","overlay-color":"","overlay-opacity":"","overlay-gradient":""},"tablet":{"background-color":"","background-image":"","background-repeat":"repeat","background-position":"center center","background-size":"auto","background-attachment":"scroll","background-type":"","background-media":"","overlay-type":"","overlay-color":"","overlay-opacity":"","overlay-gradient":""},"mobile":{"background-color":"","background-image":"","background-repeat":"repeat","background-position":"center center","background-size":"auto","background-attachment":"scroll","background-type":"","background-media":"","overlay-type":"","overlay-color":"","overlay-opacity":"","overlay-gradient":""}},"ast-content-background-meta":{"desktop":{"background-color":"var(--ast-global-color-5)","background-image":"","background-repeat":"repeat","background-position":"center center","background-size":"auto","background-attachment":"scroll","background-type":"","background-media":"","overlay-type":"","overlay-color":"","overlay-opacity":"","overlay-gradient":""},"tablet":{"background-color":"var(--ast-global-color-5)","background-image":"","background-repeat":"repeat","background-position":"center center","background-size":"auto","background-attachment":"scroll","background-type":"","background-media":"","overlay-type":"","overlay-color":"","overlay-opacity":"","overlay-gradient":""},"mobile":{"background-color":"var(--ast-global-color-5)","background-image":"","background-repeat":"repeat","background-position":"center center","background-size":"auto","background-attachment":"scroll","background-type":"","background-media":"","overlay-type":"","overlay-color":"","overlay-opacity":"","overlay-gradient":""}},"footnotes":""},"class_list":["post-2818","page","type-page","status-publish","hentry"],"yoast_head":"<!-- This site is optimized with the Yoast SEO plugin v26.8 - https:\/\/yoast.com\/product\/yoast-seo-wordpress\/ -->\n<title>Singapur - Cima Travellers<\/title>\n<meta name=\"description\" content=\"M\u00e1s que planificar viajes, dise\u00f1amos experiencias excepcionales. Nos apasiona descubrir destinos ex\u00f3ticos y llevar tus viajes m\u00e1s all\u00e1 de las rutas tur\u00edsticas t\u00edpicas. \u00abCIMA\u00bb refleja nuestra meta: alcanzar la cima en la experiencia de viajar, ofreciendo un ascenso personal hacia la plenitud y el deleite.\" \/>\n<meta name=\"robots\" content=\"index, follow, max-snippet:-1, max-image-preview:large, max-video-preview:-1\" \/>\n<link rel=\"canonical\" href=\"https:\/\/cimatravellers.com\/en\/singapur\/\" \/>\n<meta property=\"og:locale\" content=\"en_US\" \/>\n<meta property=\"og:type\" content=\"article\" \/>\n<meta property=\"og:title\" content=\"Singapur - Cima Travellers\" \/>\n<meta property=\"og:description\" content=\"M\u00e1s que planificar viajes, dise\u00f1amos experiencias excepcionales. Nos apasiona descubrir destinos ex\u00f3ticos y llevar tus viajes m\u00e1s all\u00e1 de las rutas tur\u00edsticas t\u00edpicas. \u00abCIMA\u00bb refleja nuestra meta: alcanzar la cima en la experiencia de viajar, ofreciendo un ascenso personal hacia la plenitud y el deleite.\" \/>\n<meta property=\"og:url\" content=\"https:\/\/cimatravellers.com\/en\/singapur\/\" \/>\n<meta property=\"og:site_name\" content=\"Cima Travellers\" \/>\n<meta property=\"article:modified_time\" content=\"2024-09-13T15:24:53+00:00\" \/>\n<meta property=\"og:image\" content=\"https:\/\/cimatravellers.com\/wp-content\/uploads\/2024\/08\/Singapur-05-1024x767.jpg\" \/>\n<meta name=\"twitter:card\" content=\"summary_large_image\" \/>\n<meta name=\"twitter:label1\" content=\"Est. reading time\" \/>\n\t<meta name=\"twitter:data1\" content=\"2 minutes\" \/>\n<script type=\"application\/ld+json\" class=\"yoast-schema-graph\">{\"@context\":\"https:\/\/schema.org\",\"@graph\":[{\"@type\":\"WebPage\",\"@id\":\"https:\/\/cimatravellers.com\/singapur\/\",\"url\":\"https:\/\/cimatravellers.com\/singapur\/\",\"name\":\"Singapur - Cima Travellers\",\"isPartOf\":{\"@id\":\"https:\/\/cimatravellers.com\/#website\"},\"primaryImageOfPage\":{\"@id\":\"https:\/\/cimatravellers.com\/singapur\/#primaryimage\"},\"image\":{\"@id\":\"https:\/\/cimatravellers.com\/singapur\/#primaryimage\"},\"thumbnailUrl\":\"https:\/\/cimatravellers.com\/wp-content\/uploads\/2024\/08\/Singapur-05-1024x767.jpg\",\"datePublished\":\"2024-08-24T21:51:35+00:00\",\"dateModified\":\"2024-09-13T15:24:53+00:00\",\"description\":\"M\u00e1s que planificar viajes, dise\u00f1amos experiencias excepcionales. Nos apasiona descubrir destinos ex\u00f3ticos y llevar tus viajes m\u00e1s all\u00e1 de las rutas tur\u00edsticas t\u00edpicas. \u00abCIMA\u00bb refleja nuestra meta: alcanzar la cima en la experiencia de viajar, ofreciendo un ascenso personal hacia la plenitud y el deleite.\",\"breadcrumb\":{\"@id\":\"https:\/\/cimatravellers.com\/singapur\/#breadcrumb\"},\"inLanguage\":\"en-US\",\"potentialAction\":[{\"@type\":\"ReadAction\",\"target\":[\"https:\/\/cimatravellers.com\/singapur\/\"]}]},{\"@type\":\"ImageObject\",\"inLanguage\":\"en-US\",\"@id\":\"https:\/\/cimatravellers.com\/singapur\/#primaryimage\",\"url\":\"https:\/\/cimatravellers.com\/wp-content\/uploads\/2024\/08\/Singapur-05-1024x767.jpg\",\"contentUrl\":\"https:\/\/cimatravellers.com\/wp-content\/uploads\/2024\/08\/Singapur-05-1024x767.jpg\"},{\"@type\":\"BreadcrumbList\",\"@id\":\"https:\/\/cimatravellers.com\/singapur\/#breadcrumb\",\"itemListElement\":[{\"@type\":\"ListItem\",\"position\":1,\"name\":\"Inicio\",\"item\":\"https:\/\/cimatravellers.com\/\"},{\"@type\":\"ListItem\",\"position\":2,\"name\":\"Singapur\"}]},{\"@type\":\"WebSite\",\"@id\":\"https:\/\/cimatravellers.com\/#website\",\"url\":\"https:\/\/cimatravellers.com\/\",\"name\":\"Cima Travellers\",\"description\":\"M\u00e1s que planificar viajes, dise\u00f1amos experiencias excepcionales.\",\"publisher\":{\"@id\":\"https:\/\/cimatravellers.com\/#organization\"},\"alternateName\":\"Cima\",\"potentialAction\":[{\"@type\":\"SearchAction\",\"target\":{\"@type\":\"EntryPoint\",\"urlTemplate\":\"https:\/\/cimatravellers.com\/?s={search_term_string}\"},\"query-input\":{\"@type\":\"PropertyValueSpecification\",\"valueRequired\":true,\"valueName\":\"search_term_string\"}}],\"inLanguage\":\"en-US\"},{\"@type\":\"Organization\",\"@id\":\"https:\/\/cimatravellers.com\/#organization\",\"name\":\"Cima Travellers\",\"alternateName\":\"Cima\",\"url\":\"https:\/\/cimatravellers.com\/\",\"logo\":{\"@type\":\"ImageObject\",\"inLanguage\":\"en-US\",\"@id\":\"https:\/\/cimatravellers.com\/#\/schema\/logo\/image\/\",\"url\":\"https:\/\/cimatravellers.com\/wp-content\/uploads\/2024\/08\/logo-cima.png\",\"contentUrl\":\"https:\/\/cimatravellers.com\/wp-content\/uploads\/2024\/08\/logo-cima.png\",\"width\":619,\"height\":559,\"caption\":\"Cima Travellers\"},\"image\":{\"@id\":\"https:\/\/cimatravellers.com\/#\/schema\/logo\/image\/\"},\"sameAs\":[\"https:\/\/www.instagram.com\/cimatravellers\/\"]}]}<\/script>\n<!-- \/ Yoast SEO plugin. -->","yoast_head_json":{"title":"Singapur - Cima Travellers","description":"More than just travel planners, we design exceptional experiences. We are passionate about discovering exotic destinations and taking your travels beyond the typical tourist routes. \"CIMA\" reflects our goal: to reach the pinnacle of the travel experience, offering a personal ascent towards fulfillment and delight.","robots":{"index":"index","follow":"follow","max-snippet":"max-snippet:-1","max-image-preview":"max-image-preview:large","max-video-preview":"max-video-preview:-1"},"canonical":"https:\/\/cimatravellers.com\/en\/singapur\/","og_locale":"en_US","og_type":"article","og_title":"Singapur - Cima Travellers","og_description":"M\u00e1s que planificar viajes, dise\u00f1amos experiencias excepcionales. Nos apasiona descubrir destinos ex\u00f3ticos y llevar tus viajes m\u00e1s all\u00e1 de las rutas tur\u00edsticas t\u00edpicas. \u00abCIMA\u00bb refleja nuestra meta: alcanzar la cima en la experiencia de viajar, ofreciendo un ascenso personal hacia la plenitud y el deleite.","og_url":"https:\/\/cimatravellers.com\/en\/singapur\/","og_site_name":"Cima Travellers","article_modified_time":"2024-09-13T15:24:53+00:00","og_image":[{"url":"https:\/\/cimatravellers.com\/wp-content\/uploads\/2024\/08\/Singapur-05-1024x767.jpg","type":"","width":"","height":""}],"twitter_card":"summary_large_image","twitter_misc":{"Est. reading time":"2 minutes"},"schema":{"@context":"https:\/\/schema.org","@graph":[{"@type":"WebPage","@id":"https:\/\/cimatravellers.com\/singapur\/","url":"https:\/\/cimatravellers.com\/singapur\/","name":"Singapur - Cima Travellers","isPartOf":{"@id":"https:\/\/cimatravellers.com\/#website"},"primaryImageOfPage":{"@id":"https:\/\/cimatravellers.com\/singapur\/#primaryimage"},"image":{"@id":"https:\/\/cimatravellers.com\/singapur\/#primaryimage"},"thumbnailUrl":"https:\/\/cimatravellers.com\/wp-content\/uploads\/2024\/08\/Singapur-05-1024x767.jpg","datePublished":"2024-08-24T21:51:35+00:00","dateModified":"2024-09-13T15:24:53+00:00","description":"More than just travel planners, we design exceptional experiences. We are passionate about discovering exotic destinations and taking your travels beyond the typical tourist routes. \"CIMA\" reflects our goal: to reach the pinnacle of the travel experience, offering a personal ascent towards fulfillment and delight.","breadcrumb":{"@id":"https:\/\/cimatravellers.com\/singapur\/#breadcrumb"},"inLanguage":"en-US","potentialAction":[{"@type":"ReadAction","target":["https:\/\/cimatravellers.com\/singapur\/"]}]},{"@type":"ImageObject","inLanguage":"en-US","@id":"https:\/\/cimatravellers.com\/singapur\/#primaryimage","url":"https:\/\/cimatravellers.com\/wp-content\/uploads\/2024\/08\/Singapur-05-1024x767.jpg","contentUrl":"https:\/\/cimatravellers.com\/wp-content\/uploads\/2024\/08\/Singapur-05-1024x767.jpg"},{"@type":"BreadcrumbList","@id":"https:\/\/cimatravellers.com\/singapur\/#breadcrumb","itemListElement":[{"@type":"ListItem","position":1,"name":"Inicio","item":"https:\/\/cimatravellers.com\/"},{"@type":"ListItem","position":2,"name":"Singapur"}]},{"@type":"WebSite","@id":"https:\/\/cimatravellers.com\/#website","url":"https:\/\/cimatravellers.com\/","name":"Cima Travellers","description":"M\u00e1s que planificar viajes, dise\u00f1amos experiencias excepcionales.","publisher":{"@id":"https:\/\/cimatravellers.com\/#organization"},"alternateName":"Cima","potentialAction":[{"@type":"SearchAction","target":{"@type":"EntryPoint","urlTemplate":"https:\/\/cimatravellers.com\/?s={search_term_string}"},"query-input":{"@type":"PropertyValueSpecification","valueRequired":true,"valueName":"search_term_string"}}],"inLanguage":"en-US"},{"@type":"Organization","@id":"https:\/\/cimatravellers.com\/#organization","name":"Cima Travellers","alternateName":"Cima","url":"https:\/\/cimatravellers.com\/","logo":{"@type":"ImageObject","inLanguage":"en-US","@id":"https:\/\/cimatravellers.com\/#\/schema\/logo\/image\/","url":"https:\/\/cimatravellers.com\/wp-content\/uploads\/2024\/08\/logo-cima.png","contentUrl":"https:\/\/cimatravellers.com\/wp-content\/uploads\/2024\/08\/logo-cima.png","width":619,"height":559,"caption":"Cima Travellers"},"image":{"@id":"https:\/\/cimatravellers.com\/#\/schema\/logo\/image\/"},"sameAs":["https:\/\/www.instagram.com\/cimatravellers\/"]}]}},"uagb_featured_image_src":{"full":false,"thumbnail":false,"medium":false,"medium_large":false,"large":false,"1536x1536":false,"2048x2048":false,"trp-custom-language-flag":false},"uagb_author_info":{"display_name":"Cima","author_link":"https:\/\/cimatravellers.com\/en\/author\/cimatravellersgmail-com\/"},"uagb_comment_info":0,"uagb_excerpt":"Singapur Singapur no solo te ofrece un viaje, sino una experiencia transformadora que combina tradici\u00f3n, modernidad, sostenibilidad y diversidad cultural de una manera \u00fanica en el sudeste asi\u00e1tico","_links":{"self":[{"href":"https:\/\/cimatravellers.com\/en\/wp-json\/wp\/v2\/pages\/2818","targetHints":{"allow":["GET"]}}],"collection":[{"href":"https:\/\/cimatravellers.com\/en\/wp-json\/wp\/v2\/pages"}],"about":[{"href":"https:\/\/cimatravellers.com\/en\/wp-json\/wp\/v2\/types\/page"}],"author":[{"embeddable":true,"href":"https:\/\/cimatravellers.com\/en\/wp-json\/wp\/v2\/users\/1"}],"replies":[{"embeddable":true,"href":"https:\/\/cimatravellers.com\/en\/wp-json\/wp\/v2\/comments?post=2818"}],"version-history":[{"count":6,"href":"https:\/\/cimatravellers.com\/en\/wp-json\/wp\/v2\/pages\/2818\/revisions"}],"predecessor-version":[{"id":3224,"href":"https:\/\/cimatravellers.com\/en\/wp-json\/wp\/v2\/pages\/2818\/revisions\/3224"}],"wp:attachment":[{"href":"https:\/\/cimatravellers.com\/en\/wp-json\/wp\/v2\/media?parent=2818"}],"curies":[{"name":"wp","href":"https:\/\/api.w.org\/{rel}","templated":true}]}}