{"id":2764,"date":"2024-08-23T20:42:10","date_gmt":"2024-08-23T20:42:10","guid":{"rendered":"https:\/\/cimatravellers.com\/?page_id=2764"},"modified":"2024-11-22T10:47:56","modified_gmt":"2024-11-22T10:47:56","slug":"africa","status":"publish","type":"page","link":"https:\/\/cimatravellers.com\/en\/africa\/","title":{"rendered":"Africa"},"content":{"rendered":"<div class=\"wp-block-uagb-container uagb-block-3cccbad4 alignfull uagb-is-root-container\">\n<div data-aos= \"fade-up\" data-aos-duration=\"400\" data-aos-delay=\"0\" data-aos-easing=\"ease\" data-aos-once=\"true\" class=\"wp-block-uagb-advanced-heading uagb-block-b2acb170\" id=\"Tanzania\"><h1 class=\"uagb-heading-text\">Africa<\/h1><\/div>\n<\/div>\n\n\n\n<div class=\"wp-block-uagb-container uagb-block-0472eab0 alignfull uagb-is-root-container\"><div class=\"uagb-container-inner-blocks-wrap\">\t\t\t\t\t<div\n\t\t\t\t\t\tclass=\"wp-block-uagb-image-gallery uagb-block-d785d285\"\n\t\t\t\t\t\tstyle=\"\"\n\t\t\t\t\t>\n\t\t\t\t\t\t\t\t\t\t\t<div class=\"spectra-image-gallery spectra-image-gallery__layout--grid spectra-image-gallery__layout--grid-col-4 spectra-image-gallery__layout--grid-col-tab-2 spectra-image-gallery__layout--grid-col-mob-1\">\n\t\t\t\t\t\t\t\t\t\t\t<div class='spectra-image-gallery__media-wrapper' data-spectra-gallery-image-id='2554' tabindex=\"0\">\n\t\t\t\t\t\t\t<div class=\"spectra-image-gallery__media spectra-image-gallery__media--grid\">\n\t\t\t\t<picture>\n\t\t\t\t\t<source media=\"(min-width: 1024px)\" srcset=\"https:\/\/cimatravellers.com\/wp-content\/uploads\/2024\/08\/Tanzania-02.jpg\">\n\t\t\t\t\t<source media=\"(min-width: 768px)\" srcset=\"https:\/\/cimatravellers.com\/wp-content\/uploads\/2024\/08\/Tanzania-02.jpg\">\n\t\t\t\t\t<img decoding=\"async\" class=\"spectra-image-gallery__media-thumbnail spectra-image-gallery__media-thumbnail--grid\" src=\"https:\/\/cimatravellers.com\/wp-content\/uploads\/2024\/08\/Tanzania-02.jpg\" alt=\"\" loading=\"lazy\" \/>\n\t\t\t\t<\/picture>\n\t\t\t\t<div class=\"spectra-image-gallery__media-thumbnail-blurrer\"><\/div>\n\t\t\t\t\t\t\t\t\t\t\t<div class=\"spectra-image-gallery__media-thumbnail-caption-wrapper spectra-image-gallery__media-thumbnail-caption-wrapper--overlay\">\n\t\t\t\t\t\t\t\t\t\t\t<div class=\"spectra-image-gallery__media-thumbnail-caption spectra-image-gallery__media-thumbnail-caption--overlay\">\n\t\t\t\t\t<a href=\"https:\/\/cimatravellers.com\/en\/tanzania\/\">Tanzania<\/a>\t\t\t\t<\/div>\n\t\t\t\t\t\t\t\t\t\t<\/div>\n\t\t\t\t\t\t\t\t\t<\/div>\n\t\t\t\t\t\t<\/div>\n\t\t\t\t\t\t<div class='spectra-image-gallery__media-wrapper' data-spectra-gallery-image-id='2570' tabindex=\"0\">\n\t\t\t\t\t\t\t<div class=\"spectra-image-gallery__media spectra-image-gallery__media--grid\">\n\t\t\t\t<picture>\n\t\t\t\t\t<source media=\"(min-width: 1024px)\" srcset=\"https:\/\/cimatravellers.com\/wp-content\/uploads\/2024\/08\/Rawanda-03.jpg\">\n\t\t\t\t\t<source media=\"(min-width: 768px)\" srcset=\"https:\/\/cimatravellers.com\/wp-content\/uploads\/2024\/08\/Rawanda-03.jpg\">\n\t\t\t\t\t<img decoding=\"async\" class=\"spectra-image-gallery__media-thumbnail spectra-image-gallery__media-thumbnail--grid\" src=\"https:\/\/cimatravellers.com\/wp-content\/uploads\/2024\/08\/Rawanda-03.jpg\" alt=\"\" loading=\"lazy\" \/>\n\t\t\t\t<\/picture>\n\t\t\t\t<div class=\"spectra-image-gallery__media-thumbnail-blurrer\"><\/div>\n\t\t\t\t\t\t\t\t\t\t\t<div class=\"spectra-image-gallery__media-thumbnail-caption-wrapper spectra-image-gallery__media-thumbnail-caption-wrapper--overlay\">\n\t\t\t\t\t\t\t\t\t\t\t<div class=\"spectra-image-gallery__media-thumbnail-caption spectra-image-gallery__media-thumbnail-caption--overlay\">\n\t\t\t\t\t<a href=\"https:\/\/cimatravellers.com\/en\/rawanda\/\">Rwanda<\/a>\t\t\t\t<\/div>\n\t\t\t\t\t\t\t\t\t\t<\/div>\n\t\t\t\t\t\t\t\t\t<\/div>\n\t\t\t\t\t\t<\/div>\n\t\t\t\t\t\t<div class='spectra-image-gallery__media-wrapper' data-spectra-gallery-image-id='3327' tabindex=\"0\">\n\t\t\t\t\t\t\t<div class=\"spectra-image-gallery__media spectra-image-gallery__media--grid\">\n\t\t\t\t<picture>\n\t\t\t\t\t<source media=\"(min-width: 1024px)\" srcset=\"https:\/\/cimatravellers.com\/wp-content\/uploads\/2024\/11\/uganda-01.jpg\">\n\t\t\t\t\t<source media=\"(min-width: 768px)\" srcset=\"https:\/\/cimatravellers.com\/wp-content\/uploads\/2024\/11\/uganda-01.jpg\">\n\t\t\t\t\t<img decoding=\"async\" class=\"spectra-image-gallery__media-thumbnail spectra-image-gallery__media-thumbnail--grid\" src=\"https:\/\/cimatravellers.com\/wp-content\/uploads\/2024\/11\/uganda-01.jpg\" alt=\"\" loading=\"lazy\" \/>\n\t\t\t\t<\/picture>\n\t\t\t\t<div class=\"spectra-image-gallery__media-thumbnail-blurrer\"><\/div>\n\t\t\t\t\t\t\t\t\t\t\t<div class=\"spectra-image-gallery__media-thumbnail-caption-wrapper spectra-image-gallery__media-thumbnail-caption-wrapper--overlay\">\n\t\t\t\t\t\t\t\t\t\t\t<div class=\"spectra-image-gallery__media-thumbnail-caption spectra-image-gallery__media-thumbnail-caption--overlay\">\n\t\t\t\t\t<a href=\"https:\/\/cimatravellers.com\/en\/rawanda\/\">Uganda<\/a>\t\t\t\t<\/div>\n\t\t\t\t\t\t\t\t\t\t<\/div>\n\t\t\t\t\t\t\t\t\t<\/div>\n\t\t\t\t\t\t<\/div>\n\t\t\t\t\t\t<div class='spectra-image-gallery__media-wrapper' data-spectra-gallery-image-id='2584' tabindex=\"0\">\n\t\t\t\t\t\t\t<div class=\"spectra-image-gallery__media spectra-image-gallery__media--grid\">\n\t\t\t\t<picture>\n\t\t\t\t\t<source media=\"(min-width: 1024px)\" srcset=\"https:\/\/cimatravellers.com\/wp-content\/uploads\/2024\/08\/kenia-01.jpg\">\n\t\t\t\t\t<source media=\"(min-width: 768px)\" srcset=\"https:\/\/cimatravellers.com\/wp-content\/uploads\/2024\/08\/kenia-01.jpg\">\n\t\t\t\t\t<img decoding=\"async\" class=\"spectra-image-gallery__media-thumbnail spectra-image-gallery__media-thumbnail--grid\" src=\"https:\/\/cimatravellers.com\/wp-content\/uploads\/2024\/08\/kenia-01.jpg\" alt=\"\" loading=\"lazy\" \/>\n\t\t\t\t<\/picture>\n\t\t\t\t<div class=\"spectra-image-gallery__media-thumbnail-blurrer\"><\/div>\n\t\t\t\t\t\t\t\t\t\t\t<div class=\"spectra-image-gallery__media-thumbnail-caption-wrapper spectra-image-gallery__media-thumbnail-caption-wrapper--overlay\">\n\t\t\t\t\t\t\t\t\t\t\t<div class=\"spectra-image-gallery__media-thumbnail-caption spectra-image-gallery__media-thumbnail-caption--overlay\">\n\t\t\t\t\t<a href=\"https:\/\/cimatravellers.com\/en\/kenia\/\">Kenya<\/a>\t\t\t\t<\/div>\n\t\t\t\t\t\t\t\t\t\t<\/div>\n\t\t\t\t\t\t\t\t\t<\/div>\n\t\t\t\t\t\t<\/div>\n\t\t\t\t\t\t\t\t\t\t<\/div>\n\t\t\t\t\t\t\t\t\t\t\t\t\t\t\t\t\t\t<\/div>\n\t\t\t\t\t\t\t\t\t\t\t<div class='spectra-image-gallery__control-lightbox' tabindex='0'>\n\t\t\t\t\t\t\t\t\t\t\t<div class=\"swiper spectra-image-gallery__control-lightbox--main\" dir=\"\">\n\t\t\t\t\t<div class=\"swiper-wrapper\">\n\t\t\t\t\t\t\t\t\t\t\t\t\t\n\t\t\t\t\t\t\t<div class=\"swiper-slide\">\n\t\t\t\t\t\t\t\t<img class=\"swiper-lazy\" data-src=\"https:\/\/cimatravellers.com\/wp-content\/uploads\/2024\/08\/Tanzania-02.jpg\" alt=\"\"\/>\n\t\t\t\t\t\t\t\t<div class=\"swiper-lazy-preloader swiper-lazy-preloader-white\"><\/div>\n\t\t\t\t\t\t\t\t\t\t\t\t\t\t\t<\/div>\n\t\t\t\t\t\t\t\t\t\t\t\t\t\n\t\t\t\t\t\t\t<div class=\"swiper-slide\">\n\t\t\t\t\t\t\t\t<img class=\"swiper-lazy\" data-src=\"https:\/\/cimatravellers.com\/wp-content\/uploads\/2024\/08\/Rawanda-03.jpg\" alt=\"\"\/>\n\t\t\t\t\t\t\t\t<div class=\"swiper-lazy-preloader swiper-lazy-preloader-white\"><\/div>\n\t\t\t\t\t\t\t\t\t\t\t\t\t\t\t<\/div>\n\t\t\t\t\t\t\t\t\t\t\t\t\t\n\t\t\t\t\t\t\t<div class=\"swiper-slide\">\n\t\t\t\t\t\t\t\t<img class=\"swiper-lazy\" data-src=\"https:\/\/cimatravellers.com\/wp-content\/uploads\/2024\/11\/uganda-01.jpg\" alt=\"\"\/>\n\t\t\t\t\t\t\t\t<div class=\"swiper-lazy-preloader swiper-lazy-preloader-white\"><\/div>\n\t\t\t\t\t\t\t\t\t\t\t\t\t\t\t<\/div>\n\t\t\t\t\t\t\t\t\t\t\t\t\t\n\t\t\t\t\t\t\t<div class=\"swiper-slide\">\n\t\t\t\t\t\t\t\t<img class=\"swiper-lazy\" data-src=\"https:\/\/cimatravellers.com\/wp-content\/uploads\/2024\/08\/kenia-01.jpg\" alt=\"\"\/>\n\t\t\t\t\t\t\t\t<div class=\"swiper-lazy-preloader swiper-lazy-preloader-white\"><\/div>\n\t\t\t\t\t\t\t\t\t\t\t\t\t\t\t<\/div>\n\t\t\t\t\t\t\t\t\t\t\t<\/div>\n\t\t\t\t\t<div class=\"swiper-button-next\"><\/div>\n\t\t\t\t\t<div class=\"swiper-button-prev\"><\/div>\n\t\t\t\t<\/div>\t\t\t\n\t\t\t\t\t\t\t\t\t\t\t\t\t\t\t\t\t\t\t\t\t\t\t\t\t\t\t\t\t\t\t\t<button class='spectra-image-gallery__control-lightbox--close' aria-label=\"Close\">\n\t\t\t\t\t\t\t\t\t\t\t\t\t<svg xmlns=\"https:\/\/www.w3.org\/2000\/svg\" viewbox= \"0 0 320 512\"><path d=\"M310.6 361.4c12.5 12.5 12.5 32.75 0 45.25C304.4 412.9 296.2 416 288 416s-16.38-3.125-22.62-9.375L160 301.3L54.63 406.6C48.38 412.9 40.19 416 32 416S15.63 412.9 9.375 406.6c-12.5-12.5-12.5-32.75 0-45.25l105.4-105.4L9.375 150.6c-12.5-12.5-12.5-32.75 0-45.25s32.75-12.5 45.25 0L160 210.8l105.4-105.4c12.5-12.5 32.75-12.5 45.25 0s12.5 32.75 0 45.25l-105.4 105.4L310.6 361.4z\"><\/path><\/svg>\n\t\t\t\t\t\t\t\t\t\t\t\t<\/button>\n\t\t\t\t\t\t\t\t\t\t\t\t\t<\/div>\n\t\t\t\t\t\t\t\t\t<\/div><\/div>\n\n\n\n<div class=\"wp-block-uagb-container uagb-block-c747bd68 alignfull uagb-is-root-container\"><div class=\"uagb-container-inner-blocks-wrap\">\n<div class=\"wp-block-uagb-advanced-heading uagb-block-ff5472c7\" id=\"CIMA_es_una_invitaci\u00f3n_a_vivir_momentos_cumbre_llev\u00e1ndote_a_nuevas_alturas_de_experiencias\"><h4 class=\"uagb-heading-text\">With CIMA, the unknown becomes an unforgettable adventure, leading you to peak moments and new heights of experiences.<\/h4><\/div>\n<\/div><\/div>\n\n\n<div\r\n\t\tclass=\"alignfull wp-block-psb-parallax\"\tid='psbParallaxSection-1'\r\n\tdata-attributes='{&quot;cId&quot;:&quot;41cbb33f-c&quot;,&quot;background&quot;:{&quot;type&quot;:&quot;image&quot;,&quot;image&quot;:{&quot;id&quot;:null,&quot;url&quot;:&quot;https:\\\/\\\/cimatravellers.com\\\/wp-content\\\/uploads\\\/2024\\\/08\\\/IMG_8668--scaled.jpg&quot;,&quot;alt&quot;:&quot;&quot;,&quot;title&quot;:&quot;&quot;},&quot;overlayColor&quot;:&quot;rgba(0, 0, 0, 0.3)&quot;,&quot;position&quot;:&quot;bottom center&quot;,&quot;attachment&quot;:&quot;initial&quot;,&quot;size&quot;:&quot;cover&quot;},&quot;minHeight&quot;:&quot;400px&quot;,&quot;align&quot;:&quot;full&quot;,&quot;speed&quot;:-1,&quot;verticalAlign&quot;:&quot;center&quot;,&quot;textAlign&quot;:&quot;center&quot;,&quot;padding&quot;:{&quot;vertical&quot;:&quot;20px&quot;,&quot;horizontal&quot;:&quot;30px&quot;},&quot;styles&quot;:{&quot;particles&quot;:{&quot;color&quot;:{&quot;r&quot;:255,&quot;g&quot;:255,&quot;b&quot;:255},&quot;movingSpeed&quot;:0.8,&quot;density&quot;:10},&quot;leaf&quot;:{&quot;status&quot;:true,&quot;color&quot;:&quot;#16a34a&quot;,&quot;count&quot;:20},&quot;cube&quot;:{&quot;position&quot;:{&quot;x&quot;:{&quot;desktop&quot;:&quot;47%&quot;,&quot;tablet&quot;:&quot;40%&quot;,&quot;mobile&quot;:&quot;42%&quot;},&quot;y&quot;:{&quot;desktop&quot;:&quot;45%&quot;,&quot;tablet&quot;:&quot;45%&quot;,&quot;mobile&quot;:&quot;28%&quot;}},&quot;front&quot;:&quot;#60caf81a&quot;,&quot;back&quot;:&quot;rgba(0, 136, 91, 0.1)&quot;,&quot;top&quot;:&quot;rgba(7, 181, 255, 0.1)&quot;,&quot;bottom&quot;:&quot;rgba(0, 241, 161, 0.1)&quot;,&quot;left&quot;:&quot;rgba(56, 189, 248, 0.1)&quot;,&quot;right&quot;:&quot;rgba(47, 255, 186, 0.1)&quot;,&quot;border&quot;:{&quot;width&quot;:&quot;1px&quot;,&quot;type&quot;:&quot;solid&quot;,&quot;color&quot;:&quot;&quot;}},&quot;t4Styles&quot;:{&quot;backgroundColors&quot;:{&quot;upper&quot;:&quot;#f0fdf4&quot;,&quot;lower&quot;:&quot;#dcfce7&quot;}}},&quot;options&quot;:{&quot;isCube&quot;:true},&quot;selectedTheme&quot;:&quot;default&quot;,&quot;TrpContentRestriction&quot;:{&quot;restriction_type&quot;:&quot;exclude&quot;,&quot;selected_languages&quot;:[],&quot;panel_open&quot;:true}}'\r\n  data-pipecheck='false'\r\n>\r\n  <style>\r\n    \r\n  #psbParallaxSection-1{\r\n    min-height: 400px;\r\n  }\r\n  #psbParallaxSection-1 .psbParallaxSection{\r\n    justify-content: center;\r\n    text-align: center;\r\n    min-height: 400px;\r\n    padding: 20px 30px;\r\n  }\r\n  #psbParallaxSection-1 .psbParallaxImg{\r\n    background: url(https:\/\/cimatravellers.com\/wp-content\/uploads\/2024\/08\/IMG_8668--scaled.jpg);background-color: rgba(0, 0, 0, 0.3);background-position: bottom center;background-size: cover;background-attachment: initial;background-blend-mode: overlay;\r\n  }\r\n  <\/style>\r\n\r\n  <div class='psbParallaxImg' data-speed='-1'><\/div>\r\n\r\n  <div class='psbParallaxSection'>\r\n    \n\n<h2 class=\"wp-block-heading has-text-color\" style=\"color:#fff;font-size:60px\">Start your journey<\/h2>\n\n\n\n<div class=\"wp-block-buttons is-content-justification-center is-layout-flow wp-block-buttons-is-layout-flow\">\n<div class=\"wp-block-button has-custom-font-size\" style=\"font-size:19px\"><a class=\"wp-block-button__link has-text-color has-background wp-element-button\" href=\"https:\/\/cimatravellers.com\/en\/contactanos\/\" style=\"border-radius:46px;color:#fff;background-color:#386d63\">Contact us<\/a><\/div>\n<\/div>\n\n  <\/div>\r\n<\/div>","protected":false},"excerpt":{"rendered":"<p>Africa<\/p>","protected":false},"author":1,"featured_media":0,"parent":0,"menu_order":0,"comment_status":"closed","ping_status":"closed","template":"","meta":{"_uag_custom_page_level_css":"","site-sidebar-layout":"no-sidebar","site-content-layout":"plain-container","ast-site-content-layout":"normal-width-container","site-content-style":"unboxed","site-sidebar-style":"unboxed","ast-global-header-display":"","ast-banner-title-visibility":"","ast-main-header-display":"","ast-hfb-above-header-display":"","ast-hfb-below-header-display":"","ast-hfb-mobile-header-display":"","site-post-title":"disabled","ast-breadcrumbs-content":"","ast-featured-img":"disabled","footer-sml-layout":"","theme-transparent-header-meta":"default","adv-header-id-meta":"","stick-header-meta":"","header-above-stick-meta":"","header-main-stick-meta":"","header-below-stick-meta":"","astra-migrate-meta-layouts":"set","ast-page-background-enabled":"default","ast-page-background-meta":{"desktop":{"background-color":"","background-image":"","background-repeat":"repeat","background-position":"center center","background-size":"auto","background-attachment":"scroll","background-type":"","background-media":"","overlay-type":"","overlay-color":"","overlay-opacity":"","overlay-gradient":""},"tablet":{"background-color":"","background-image":"","background-repeat":"repeat","background-position":"center center","background-size":"auto","background-attachment":"scroll","background-type":"","background-media":"","overlay-type":"","overlay-color":"","overlay-opacity":"","overlay-gradient":""},"mobile":{"background-color":"","background-image":"","background-repeat":"repeat","background-position":"center center","background-size":"auto","background-attachment":"scroll","background-type":"","background-media":"","overlay-type":"","overlay-color":"","overlay-opacity":"","overlay-gradient":""}},"ast-content-background-meta":{"desktop":{"background-color":"var(--ast-global-color-5)","background-image":"","background-repeat":"repeat","background-position":"center center","background-size":"auto","background-attachment":"scroll","background-type":"","background-media":"","overlay-type":"","overlay-color":"","overlay-opacity":"","overlay-gradient":""},"tablet":{"background-color":"var(--ast-global-color-5)","background-image":"","background-repeat":"repeat","background-position":"center center","background-size":"auto","background-attachment":"scroll","background-type":"","background-media":"","overlay-type":"","overlay-color":"","overlay-opacity":"","overlay-gradient":""},"mobile":{"background-color":"var(--ast-global-color-5)","background-image":"","background-repeat":"repeat","background-position":"center center","background-size":"auto","background-attachment":"scroll","background-type":"","background-media":"","overlay-type":"","overlay-color":"","overlay-opacity":"","overlay-gradient":""}},"footnotes":""},"class_list":["post-2764","page","type-page","status-publish","hentry"],"yoast_head":"<!-- This site is optimized with the Yoast SEO plugin v26.8 - https:\/\/yoast.com\/product\/yoast-seo-wordpress\/ -->\n<title>Africa - Cima Travellers<\/title>\n<meta name=\"description\" content=\"M\u00e1s que planificar viajes, dise\u00f1amos experiencias excepcionales. Nos apasiona descubrir destinos ex\u00f3ticos y llevar tus viajes m\u00e1s all\u00e1 de las rutas tur\u00edsticas t\u00edpicas. \u00abCIMA\u00bb refleja nuestra meta: alcanzar la cima en la experiencia de viajar, ofreciendo un ascenso personal hacia la plenitud y el deleite.\" \/>\n<meta name=\"robots\" content=\"index, follow, max-snippet:-1, max-image-preview:large, max-video-preview:-1\" \/>\n<link rel=\"canonical\" href=\"https:\/\/cimatravellers.com\/en\/africa\/\" \/>\n<meta property=\"og:locale\" content=\"en_US\" \/>\n<meta property=\"og:type\" content=\"article\" \/>\n<meta property=\"og:title\" content=\"Africa - Cima Travellers\" \/>\n<meta property=\"og:description\" content=\"M\u00e1s que planificar viajes, dise\u00f1amos experiencias excepcionales. Nos apasiona descubrir destinos ex\u00f3ticos y llevar tus viajes m\u00e1s all\u00e1 de las rutas tur\u00edsticas t\u00edpicas. \u00abCIMA\u00bb refleja nuestra meta: alcanzar la cima en la experiencia de viajar, ofreciendo un ascenso personal hacia la plenitud y el deleite.\" \/>\n<meta property=\"og:url\" content=\"https:\/\/cimatravellers.com\/en\/africa\/\" \/>\n<meta property=\"og:site_name\" content=\"Cima Travellers\" \/>\n<meta property=\"article:modified_time\" content=\"2024-11-22T10:47:56+00:00\" \/>\n<meta name=\"twitter:card\" content=\"summary_large_image\" \/>\n<script type=\"application\/ld+json\" class=\"yoast-schema-graph\">{\"@context\":\"https:\/\/schema.org\",\"@graph\":[{\"@type\":\"WebPage\",\"@id\":\"https:\/\/cimatravellers.com\/africa\/\",\"url\":\"https:\/\/cimatravellers.com\/africa\/\",\"name\":\"Africa - Cima Travellers\",\"isPartOf\":{\"@id\":\"https:\/\/cimatravellers.com\/#website\"},\"datePublished\":\"2024-08-23T20:42:10+00:00\",\"dateModified\":\"2024-11-22T10:47:56+00:00\",\"description\":\"M\u00e1s que planificar viajes, dise\u00f1amos experiencias excepcionales. Nos apasiona descubrir destinos ex\u00f3ticos y llevar tus viajes m\u00e1s all\u00e1 de las rutas tur\u00edsticas t\u00edpicas. \u00abCIMA\u00bb refleja nuestra meta: alcanzar la cima en la experiencia de viajar, ofreciendo un ascenso personal hacia la plenitud y el deleite.\",\"breadcrumb\":{\"@id\":\"https:\/\/cimatravellers.com\/africa\/#breadcrumb\"},\"inLanguage\":\"en-US\",\"potentialAction\":[{\"@type\":\"ReadAction\",\"target\":[\"https:\/\/cimatravellers.com\/africa\/\"]}]},{\"@type\":\"BreadcrumbList\",\"@id\":\"https:\/\/cimatravellers.com\/africa\/#breadcrumb\",\"itemListElement\":[{\"@type\":\"ListItem\",\"position\":1,\"name\":\"Inicio\",\"item\":\"https:\/\/cimatravellers.com\/\"},{\"@type\":\"ListItem\",\"position\":2,\"name\":\"Africa\"}]},{\"@type\":\"WebSite\",\"@id\":\"https:\/\/cimatravellers.com\/#website\",\"url\":\"https:\/\/cimatravellers.com\/\",\"name\":\"Cima Travellers\",\"description\":\"M\u00e1s que planificar viajes, dise\u00f1amos experiencias excepcionales.\",\"publisher\":{\"@id\":\"https:\/\/cimatravellers.com\/#organization\"},\"alternateName\":\"Cima\",\"potentialAction\":[{\"@type\":\"SearchAction\",\"target\":{\"@type\":\"EntryPoint\",\"urlTemplate\":\"https:\/\/cimatravellers.com\/?s={search_term_string}\"},\"query-input\":{\"@type\":\"PropertyValueSpecification\",\"valueRequired\":true,\"valueName\":\"search_term_string\"}}],\"inLanguage\":\"en-US\"},{\"@type\":\"Organization\",\"@id\":\"https:\/\/cimatravellers.com\/#organization\",\"name\":\"Cima Travellers\",\"alternateName\":\"Cima\",\"url\":\"https:\/\/cimatravellers.com\/\",\"logo\":{\"@type\":\"ImageObject\",\"inLanguage\":\"en-US\",\"@id\":\"https:\/\/cimatravellers.com\/#\/schema\/logo\/image\/\",\"url\":\"https:\/\/cimatravellers.com\/wp-content\/uploads\/2024\/08\/logo-cima.png\",\"contentUrl\":\"https:\/\/cimatravellers.com\/wp-content\/uploads\/2024\/08\/logo-cima.png\",\"width\":619,\"height\":559,\"caption\":\"Cima Travellers\"},\"image\":{\"@id\":\"https:\/\/cimatravellers.com\/#\/schema\/logo\/image\/\"},\"sameAs\":[\"https:\/\/www.instagram.com\/cimatravellers\/\"]}]}<\/script>\n<!-- \/ Yoast SEO plugin. -->","yoast_head_json":{"title":"Africa - Cima Travellers","description":"More than just travel planners, we design exceptional experiences. We are passionate about discovering exotic destinations and taking your travels beyond the typical tourist routes. \"CIMA\" reflects our goal: to reach the pinnacle of the travel experience, offering a personal ascent towards fulfillment and delight.","robots":{"index":"index","follow":"follow","max-snippet":"max-snippet:-1","max-image-preview":"max-image-preview:large","max-video-preview":"max-video-preview:-1"},"canonical":"https:\/\/cimatravellers.com\/en\/africa\/","og_locale":"en_US","og_type":"article","og_title":"Africa - Cima Travellers","og_description":"M\u00e1s que planificar viajes, dise\u00f1amos experiencias excepcionales. Nos apasiona descubrir destinos ex\u00f3ticos y llevar tus viajes m\u00e1s all\u00e1 de las rutas tur\u00edsticas t\u00edpicas. \u00abCIMA\u00bb refleja nuestra meta: alcanzar la cima en la experiencia de viajar, ofreciendo un ascenso personal hacia la plenitud y el deleite.","og_url":"https:\/\/cimatravellers.com\/en\/africa\/","og_site_name":"Cima Travellers","article_modified_time":"2024-11-22T10:47:56+00:00","twitter_card":"summary_large_image","schema":{"@context":"https:\/\/schema.org","@graph":[{"@type":"WebPage","@id":"https:\/\/cimatravellers.com\/africa\/","url":"https:\/\/cimatravellers.com\/africa\/","name":"Africa - Cima Travellers","isPartOf":{"@id":"https:\/\/cimatravellers.com\/#website"},"datePublished":"2024-08-23T20:42:10+00:00","dateModified":"2024-11-22T10:47:56+00:00","description":"More than just travel planners, we design exceptional experiences. We are passionate about discovering exotic destinations and taking your travels beyond the typical tourist routes. \"CIMA\" reflects our goal: to reach the pinnacle of the travel experience, offering a personal ascent towards fulfillment and delight.","breadcrumb":{"@id":"https:\/\/cimatravellers.com\/africa\/#breadcrumb"},"inLanguage":"en-US","potentialAction":[{"@type":"ReadAction","target":["https:\/\/cimatravellers.com\/africa\/"]}]},{"@type":"BreadcrumbList","@id":"https:\/\/cimatravellers.com\/africa\/#breadcrumb","itemListElement":[{"@type":"ListItem","position":1,"name":"Inicio","item":"https:\/\/cimatravellers.com\/"},{"@type":"ListItem","position":2,"name":"Africa"}]},{"@type":"WebSite","@id":"https:\/\/cimatravellers.com\/#website","url":"https:\/\/cimatravellers.com\/","name":"Cima Travellers","description":"M\u00e1s que planificar viajes, dise\u00f1amos experiencias excepcionales.","publisher":{"@id":"https:\/\/cimatravellers.com\/#organization"},"alternateName":"Cima","potentialAction":[{"@type":"SearchAction","target":{"@type":"EntryPoint","urlTemplate":"https:\/\/cimatravellers.com\/?s={search_term_string}"},"query-input":{"@type":"PropertyValueSpecification","valueRequired":true,"valueName":"search_term_string"}}],"inLanguage":"en-US"},{"@type":"Organization","@id":"https:\/\/cimatravellers.com\/#organization","name":"Cima Travellers","alternateName":"Cima","url":"https:\/\/cimatravellers.com\/","logo":{"@type":"ImageObject","inLanguage":"en-US","@id":"https:\/\/cimatravellers.com\/#\/schema\/logo\/image\/","url":"https:\/\/cimatravellers.com\/wp-content\/uploads\/2024\/08\/logo-cima.png","contentUrl":"https:\/\/cimatravellers.com\/wp-content\/uploads\/2024\/08\/logo-cima.png","width":619,"height":559,"caption":"Cima Travellers"},"image":{"@id":"https:\/\/cimatravellers.com\/#\/schema\/logo\/image\/"},"sameAs":["https:\/\/www.instagram.com\/cimatravellers\/"]}]}},"uagb_featured_image_src":{"full":false,"thumbnail":false,"medium":false,"medium_large":false,"large":false,"1536x1536":false,"2048x2048":false,"trp-custom-language-flag":false},"uagb_author_info":{"display_name":"Cima","author_link":"https:\/\/cimatravellers.com\/en\/author\/cimatravellersgmail-com\/"},"uagb_comment_info":0,"uagb_excerpt":"Africa","_links":{"self":[{"href":"https:\/\/cimatravellers.com\/en\/wp-json\/wp\/v2\/pages\/2764","targetHints":{"allow":["GET"]}}],"collection":[{"href":"https:\/\/cimatravellers.com\/en\/wp-json\/wp\/v2\/pages"}],"about":[{"href":"https:\/\/cimatravellers.com\/en\/wp-json\/wp\/v2\/types\/page"}],"author":[{"embeddable":true,"href":"https:\/\/cimatravellers.com\/en\/wp-json\/wp\/v2\/users\/1"}],"replies":[{"embeddable":true,"href":"https:\/\/cimatravellers.com\/en\/wp-json\/wp\/v2\/comments?post=2764"}],"version-history":[{"count":14,"href":"https:\/\/cimatravellers.com\/en\/wp-json\/wp\/v2\/pages\/2764\/revisions"}],"predecessor-version":[{"id":3331,"href":"https:\/\/cimatravellers.com\/en\/wp-json\/wp\/v2\/pages\/2764\/revisions\/3331"}],"wp:attachment":[{"href":"https:\/\/cimatravellers.com\/en\/wp-json\/wp\/v2\/media?parent=2764"}],"curies":[{"name":"wp","href":"https:\/\/api.w.org\/{rel}","templated":true}]}}